{"id":251,"date":"2017-09-27T16:11:45","date_gmt":"2017-09-27T14:11:45","guid":{"rendered":"http:\/\/asphodelrouge.ttak.ovh\/?page_id=251"},"modified":"2023-03-12T18:30:59","modified_gmt":"2023-03-12T17:30:59","slug":"christel-louis","status":"publish","type":"page","link":"https:\/\/asphodelrouge.ttak.ovh\/index.php\/christel-louis\/","title":{"rendered":"Christel Louis"},"content":{"rendered":"<p>M&rsquo;exprimant par la peinture depuis le plus jeune \u00e2ge, je me suis\u00a0 orient\u00e9e vers une formation artistique apr\u00e8s le baccalaur\u00e9at . J&rsquo;essaie d&rsquo;exprimer mes \u00e9motions \u00e0 travers mes toiles ! De capturer la beaut\u00e9 omnipr\u00e9sente de notre monde afin de la partager. Des petits\u00a0 insectes \u00e0 l&rsquo;immensit\u00e9 de l\u2019espace, je la recherche \u00e0 toutes les \u00e9chelles. Tant\u00f4t surr\u00e9aliste, tant\u00f4t r\u00e9aliste, je tente de capter la diversit\u00e9\u00a0 de l&rsquo;univers &#8230; De la vie, des autres .<\/p>\n<p>DESSINER<\/p>\n<p>La patience est ma plan\u00e8te . Je dessine ce qui m&rsquo;\u00e9meut.<\/p>\n<p>Parfois aux larmes .<\/p>\n<p>En voyage c&rsquo;est ma nourriture. Dessiner c&rsquo;est comme ouvrir la fen\u00eatre quand l&rsquo;air est trop chaud .<\/p>\n<p>C&rsquo;est comme enfourcher le bon cheval , celui qui galope , qui fonce , celui qui claque des sabots.<\/p>\n<p>Dessiner encore et toujours, c&rsquo;est un amour de naissance .<\/p>\n<p>Quand je dessine une part de moi s&rsquo;\u00e9vade. Elle flotte tr\u00e8s haut , loin , l\u00e0 o\u00f9 il fait toujours beau .<\/p>\n<p>Apr\u00e8s une ann\u00e9e pr\u00e9paratoire \u00e0 l&rsquo;<strong>Acad\u00e9mie Charpentier<\/strong> \u00e0 Paris\u00a0 , j&rsquo;ai int\u00e9gr\u00e9\u00a0 l&rsquo; \u00c9cole nationale sup\u00e9rieure des Arts D\u00e9coratifs de\u00a0 Paris.<br \/>\nDipl\u00f4m\u00e9e des <strong>Arts D\u00e9coratifs de Paris<\/strong> avec une\u00a0 sp\u00e9cialisation en communication visuelle , je suis ensuite devenue sur concours\u00a0 professeur de dessin de la Ville de Paris . Artiste agr\u00e9\u00e9 par le Rectorat de Paris Cr\u00e9teil Versailles, j&rsquo;ai cr\u00e9\u00e9 les <strong>Ateliers Anim&rsquo;Arts<\/strong> \u00e0 Provins.<\/p>\n<p>Quelques unes de mes\u00a0 expositions :\u00a0 Paris, Deauville, Provins , Cannes, Saint \u00c9milion, Bruges &#8230;etc<\/p>\n<p><a href=\"mailto:asphodelrouge@gmail.com\">asphodelrouge@gmail.com<\/a><\/p>\n","protected":false},"excerpt":{"rendered":"<p>M&rsquo;exprimant par la peinture depuis le plus jeune \u00e2ge, je me suis\u00a0 orient\u00e9e vers une formation artistique apr\u00e8s le baccalaur\u00e9at\u2026<\/p>\n","protected":false},"author":1,"featured_media":604,"parent":0,"menu_order":0,"comment_status":"closed","ping_status":"closed","template":"","meta":{"footnotes":""},"_links":{"self":[{"href":"https:\/\/asphodelrouge.ttak.ovh\/index.php\/wp-json\/wp\/v2\/pages\/251"}],"collection":[{"href":"https:\/\/asphodelrouge.ttak.ovh\/index.php\/wp-json\/wp\/v2\/pages"}],"about":[{"href":"https:\/\/asphodelrouge.ttak.ovh\/index.php\/wp-json\/wp\/v2\/types\/page"}],"author":[{"embeddable":true,"href":"https:\/\/asphodelrouge.ttak.ovh\/index.php\/wp-json\/wp\/v2\/users\/1"}],"replies":[{"embeddable":true,"href":"https:\/\/asphodelrouge.ttak.ovh\/index.php\/wp-json\/wp\/v2\/comments?post=251"}],"version-history":[{"count":15,"href":"https:\/\/asphodelrouge.ttak.ovh\/index.php\/wp-json\/wp\/v2\/pages\/251\/revisions"}],"predecessor-version":[{"id":1249,"href":"https:\/\/asphodelrouge.ttak.ovh\/index.php\/wp-json\/wp\/v2\/pages\/251\/revisions\/1249"}],"wp:featuredmedia":[{"embeddable":true,"href":"https:\/\/asphodelrouge.ttak.ovh\/index.php\/wp-json\/wp\/v2\/media\/604"}],"wp:attachment":[{"href":"https:\/\/asphodelrouge.ttak.ovh\/index.php\/wp-json\/wp\/v2\/media?parent=251"}],"curies":[{"name":"wp","href":"https:\/\/api.w.org\/{rel}","templated":true}]}}